{"id":43,"date":"2022-09-06T17:10:54","date_gmt":"2022-09-06T14:10:54","guid":{"rendered":"http:\/\/eisso-shoes.com\/?page_id=43"},"modified":"2024-03-30T00:23:57","modified_gmt":"2024-03-29T21:23:57","slug":"eisso-ayakkabi-cerez-politikasi-cookie-policy","status":"publish","type":"page","link":"https:\/\/eisso-shoes.com\/tr\/eisso-ayakkabi-cerez-politikasi-cookie-policy\/","title":{"rendered":"EISSO AYAKKABI \u00c7EREZ POL\u0130T\u0130KASI (Cookie Policy)"},"content":{"rendered":"\n<p>\u00c7erez Politikam\u0131z,&nbsp;<a href=\"http:\/\/www.eisso-shoes.com\" data-type=\"URL\" data-id=\"www.eisso-shoes.com\">www.eisso-shoes.com<\/a><a href=\"https:\/\/www.modanisa.com\/\">&nbsp;<\/a>internet sitemizde siz de\u011ferli ziyaret\u00e7ilerimize daha kaliteli ve ki\u015fiselle\u015ftirilmi\u015f hizmet sunabilmek amac\u0131yla \u00e7erez (cookie) kullan\u0131m\u0131m\u0131z\u0131n esaslar\u0131, \u00e7erez \u00e7e\u015fitleri hakk\u0131nda bilgilendirme amac\u0131yla haz\u0131rlanm\u0131\u015ft\u0131r.<\/p>\n\n\n\n<p><strong>1. \u00c7EREZ HAKKINDA<\/strong><br>\u00c7erez, ziyaret edilen bir web sayfas\u0131 taraf\u0131ndan bilgisayar\u0131n\u0131zda depolanan bilgilerdir. \u00c7erezler zararl\u0131 yaz\u0131l\u0131mlar veya bilgisayar\u0131n\u0131za zarar veren uygulamalar de\u011fildir. Aksine \u00e7erezler, ziyaret etmi\u015f oldu\u011funuz web sayfalar\u0131n\u0131n bir \u00f6nceki ziyaretinizce yapm\u0131\u015f oldu\u011funuz tercihlerin hat\u0131rlanmas\u0131n\u0131 sa\u011flamak amac\u0131yla kullan\u0131lmakta bu sayede ikinci ve sonraki ziyaretlerde do\u011fru yap\u0131land\u0131rma ve do\u011fru bilgilendirme ile daha kaliteli hizmet sunulmas\u0131n\u0131 sa\u011flamaktad\u0131r.<br>\u00c7erezlerin taraf\u0131m\u0131zca kullan\u0131m\u0131, 6698 say\u0131l\u0131 Ki\u015fisel Verilerin Korunmas\u0131 Kanunu (\u201cKVKK\u201d) ba\u015fta olmak \u00fczere ilgili mevzuata uygun \u015fekilde ger\u00e7ekle\u015ftirilmektedir.<\/p>\n\n\n\n<p><strong>2. \u00c7EREZ \u00c7E\u015e\u0130TLER\u0130<\/strong><br><strong>Kurum \u00c7erezleri<\/strong><br>Kurum \u00e7erezleri, web sayfas\u0131n\u0131 ziyaret eden kullan\u0131c\u0131n\u0131n sayfa g\u00f6r\u00fcnt\u00fclemesi ve ayr\u0131ca sayfada bulunan oturum say\u0131s\u0131 ve kullan\u0131c\u0131 say\u0131s\u0131n\u0131 hesaplama gibi ama\u00e7lar i\u00e7in kullan\u0131l\u0131r. Web sayfas\u0131 ilk \u00f6nce Kurum \u00c7erez kullanarak verilere eri\u015fir ve sayfas\u0131 i\u00e7in genel analizini ve raporunu \u00e7\u0131karabilir.<\/p>\n\n\n\n<p><strong>\u00dc\u00e7\u00fcnc\u00fc Taraf \u00c7erezler<\/strong><br>\u00dc\u00e7\u00fcnc\u00fc taraf \u00e7erezler, ziyaret edilen web sayfas\u0131n olu\u015fturdu\u011fu \u00e7erezlerden \u00e7ok ziyaret edilen web sayfas\u0131 d\u0131\u015f\u0131na kalan ba\u015fka \u00f6\u011felerin \u00e7erezlerini ifade etmektedir. Sosyal eklentiler, reklamlar veya site eklentileri gibi uygulamalar ile birlikte \u00fc\u00e7\u00fcnc\u00fc taraf \u00e7erezler takip edilir ve davran\u0131\u015fsal eylemler kontrol edilebilir.<\/p>\n\n\n\n<p><strong>Oturum \u00c7erezleri<\/strong><br>Oturum \u00e7erezleri, web sayfas\u0131na ba\u011flant\u0131 sa\u011flayan ve burada oturum a\u00e7an kullan\u0131c\u0131lar\u0131n takibi i\u00e7in kullan\u0131l\u0131r. \u00d6zellikle al\u0131\u015fveri\u015f eylemlerinin takibi, sepete eklenen \u00fcr\u00fcnleri hat\u0131rlamak vb. i\u015flemlerde kullan\u0131l\u0131r. Bu \u00e7erezler taray\u0131c\u0131n\u0131n kapanmas\u0131 ile silinir.<\/p>\n\n\n\n<p><strong>Kal\u0131c\u0131 \u00c7erezler<\/strong><br>Kal\u0131c\u0131 \u00e7erezler, internet eri\u015fimi i\u00e7in kullan\u0131lan taray\u0131c\u0131lar\u0131n kapanmas\u0131 sonras\u0131nda dahil tutulabilen \u00e7erez \u00e7e\u015fididir. \u00d6zellikle kullan\u0131c\u0131 ad\u0131 ve \u015fifre kullan\u0131m\u0131 i\u00e7in yo\u011funlukla kullan\u0131lmaktad\u0131r.<\/p>\n\n\n\n<p><strong>G\u00fcvenli \u00c7erezler<\/strong><br>G\u00fcvenli \u00e7erezler, yaln\u0131zca HTTPS yani SSL sertifikas\u0131na sahip web sayfalar\u0131 g\u00fcvenli \u00e7erezleri, yani \u015fifreli veri i\u00e7eren i\u015flemleri kontrol etmek i\u00e7in kullan\u0131l\u0131r.<\/p>\n\n\n\n<p><strong>3.AMA\u00c7LAR BAKIMINDAN \u00c7EREZLER<\/strong><br><strong>Zorunlu \u00c7erezler<\/strong><br>Kesinlikle Gerekli \u00e7erezler web sayfam\u0131zda dola\u015fman\u0131za ile talep etmi\u015f oldu\u011funuz \u00f6zellikler ve g\u00fcvenli alanlar gibi temel \u00f6zellikleri kullanman\u0131za izin verir. Kesinlikle gerekli \u00e7erezlerin engellenmesi durumunda web sayfam\u0131z\u0131n ziyareti s\u0131ras\u0131nda ve g\u00fcvenli\u011finin nas\u0131l bir performans g\u00f6sterece\u011fini garanti edememekteyiz.<\/p>\n\n\n\n<p><strong>Verim ve \u0130\u015flevsellik \u00c7erezleri<\/strong><br>Verim ve i\u015flevsellik i\u00e7in kullan\u0131lan \u00e7erezler sizlere hizmetlerimizi daha iyi ve daha kaliteli bir \u015fekilde aktarabilmek ve sizlere daha i\u015flevsel hizmet sunabilmek ad\u0131na kullan\u0131lmaktad\u0131r.<\/p>\n\n\n\n<p><strong>Pazarlama \u00c7erezleri<\/strong><br>Pazarlama \u00e7erezleri, web sayfam\u0131za yapt\u0131\u011f\u0131n\u0131z ziyareti, ziyaret etti\u011finiz sayfalar ve takip etti\u011finiz ba\u011flant\u0131lar dahil olmak \u00fczere di\u011fer web sitelerini, uygulamalar\u0131 ve \u00e7evrimi\u00e7i hizmetleri izlememizi ve bu sayede web sitemizde size hedefli reklamlar g\u00f6stermemizi sa\u011flar. Di\u011fer kullanm\u0131\u015f oldu\u011fumuz \u00e7erezlerin yan\u0131 s\u0131ra, listede belirtmi\u015f oldu\u011fumuz \u00fc\u00e7\u00fcnc\u00fc taraflar da yine izninizle beraber, bilgisayar\u0131n\u0131za ilgili \u00e7erezleri eklemekte ve kullanmaktad\u0131r. <br><br>Ki\u015fisel verilerinizin \u00e7erezler kapsam\u0131nda i\u015flenmesi bak\u0131m\u0131ndan detayl\u0131 bilgiye <a href=\"https:\/\/eisso-shoes.com\/tr\/\" data-type=\"URL\">www.eisso-shoes.com<\/a> web sitemizde yay\u0131nlanan Ki\u015fisel Verilerin Korunmas\u0131 Politikam\u0131zdan ula\u015fabilirsiniz.<\/p>\n\n\n\n<p><strong>4. \u00c7EREZLER\u0130N KALDIRILMASI<\/strong><br>Diledi\u011finiz zaman izninize tabi olan \u00e7erezlerin kullan\u0131lmamas\u0131n\u0131 sa\u011flayabilirsiniz. Bunun i\u00e7in a\u015fa\u011f\u0131da belirtilen ileti\u015fim adresleri vas\u0131tas\u0131yla taraf\u0131m\u0131z ile ileti\u015fime ge\u00e7ebilir veya web sayfas\u0131na giri\u015fte a\u00e7\u0131lan \u00e7erez butonunda belirterek tercihinizi belirleyebilirsiniz.<\/p>\n\n\n\n<p>Alternatif olarak, web taray\u0131c\u0131lar\u0131 taray\u0131c\u0131 ayarlar\u0131 arac\u0131l\u0131\u011f\u0131yla \u00e7o\u011fu \u00e7erezin bir miktar kontrol\u00fcne izin vermektedir. Hangi \u00e7erezlerin ayarland\u0131\u011f\u0131n\u0131 g\u00f6rmek dahil olmak \u00fczere \u00e7erezler hakk\u0131nda daha fazla bilgi edinmek i\u00e7in&nbsp;<a href=\"http:\/\/www.aboutcookies.org\/\">www.aboutcookies.org&nbsp;<\/a>veya&nbsp;<a href=\"http:\/\/www.allaboutcookies.org\/\">www.allaboutcookies.org&nbsp;<\/a>adresini ziyaret edebilirsiniz.<\/p>\n\n\n\n<p>\u00c7erezleri nas\u0131l silece\u011finize yol g\u00f6stermesi amac\u0131yla taray\u0131c\u0131lar\u0131n kullan\u0131m detaylar\u0131n\u0131n bulundu\u011fu a\u00e7\u0131klamalar\u0131 a\u015fa\u011f\u0131daki listede bulabilirsiniz, bu sayfalardan tercihlerinizi y\u00f6netebilirsiniz.<\/p>\n\n\n\n<ul class=\"wp-block-list\">\n<li><a href=\"https:\/\/support.microsoft.com\/en-us\/microsoft-edge\/delete-cookies-in-microsoft-edge-63947406-40ac-c3b8-57b9-2a946a29ae09#:~:text=Open%20Microsoft%20Edge%20and%20then,and%20other%20site%20data%20toggle.\">Microsoft Edge i\u00e7in \u00c7erez Ayarlar\u0131<\/a><\/li>\n\n\n\n<li><a href=\"https:\/\/support.mozilla.org\/en-US\/kb\/enable-and-disable-cookies-website-preferences\">Firefox i\u00e7in \u00c7erez Ayarlar\u0131<\/a><\/li>\n\n\n\n<li><a href=\"https:\/\/support.google.com\/chrome\/answer\/95647?hl=en\">Chrome i\u00e7in \u00c7erez Ayarlar\u0131<\/a><\/li>\n\n\n\n<li><a href=\"https:\/\/support.apple.com\/en-za\/guide\/safari\/sfri11471\/mac\">Safari i\u00e7in \u00c7erez Ayarlar\u0131<\/a><\/li>\n<\/ul>\n\n\n\n<p>Google Analytics taraf\u0131ndan izlenmekten vazge\u00e7mek i\u00e7in&nbsp;<a href=\"http:\/\/tools.google.com\/dlpage\/gaoptout\">http:\/\/tools.google.com\/dlpage\/gaoptout&nbsp;<\/a>adresini ziyaret edebilirsiniz.<\/p>\n\n\n\n<p><strong>5. Y\u00dcR\u00dcRL\u00dcK VE G\u00dcNCELLENEB\u0130L\u0130RL\u0130K<\/strong><\/p>\n\n\n\n<p>\u0130\u015fbu \u00c7erez Politikam\u0131z yay\u0131m\u0131 tarihinde y\u00fcr\u00fcrl\u00fc\u011fe girmi\u015ftir. \u00c7erez Politikam\u0131z de\u011fi\u015fen ko\u015fullara ve mevzuata uyum amac\u0131yla g\u00fcncellenebilecektir. \u0130lgili g\u00fcncellemeler ger\u00e7ekle\u015ftirilerek g\u00fcncel Politika <a href=\"https:\/\/eisso-shoes.com\/tr\/\" data-type=\"URL\" data-id=\"https:\/\/eisso-shoes.com\/tr\/\">www.eisso-shoes.com<\/a> \u00fczerinden yay\u0131nlanmaktad\u0131r.<\/p>\n\n\n\n<p><strong>6. \u0130LG\u0130L\u0130 K\u0130\u015e\u0130 OLARAK HAKLARINIZ VE KULLANMA Y\u00d6NTEMLER\u0130<\/strong><br><strong>KVKK Kapsam\u0131nda Ki\u015fisel Verilere \u0130li\u015fkin Haklar<\/strong><br>Ki\u015fisel verilerine ili\u015fkin olarak ki\u015fi gruplar\u0131n\u0131n kullanabilece\u011fi haklar KVKK Madde 11\u2019de yer almakta olup, a\u015fa\u011f\u0131daki gibidir:<\/p>\n\n\n\n<ul class=\"wp-block-list\">\n<li>Ki\u015fisel veri i\u015flenip i\u015flenmedi\u011fini \u00f6\u011frenme,<\/li>\n\n\n\n<li>Ki\u015fisel verileri i\u015flenmi\u015fse buna ili\u015fkin bilgi talep etme,<\/li>\n\n\n\n<li>Ki\u015fisel verilerin i\u015flenme amac\u0131n\u0131 ve bunlar\u0131n amac\u0131na uygun kullan\u0131l\u0131p kullan\u0131lmad\u0131\u011f\u0131n\u0131 \u00f6\u011frenme,<\/li>\n\n\n\n<li>Yurt i\u00e7inde veya yurt d\u0131\u015f\u0131nda ki\u015fisel verilerin aktar\u0131ld\u0131\u011f\u0131 \u00fc\u00e7\u00fcnc\u00fc ki\u015fileri bilme,<\/li>\n\n\n\n<li>Ki\u015fisel verilerin eksik veya yanl\u0131\u015f i\u015flenmi\u015f olmas\u0131 h\u00e2linde bunlar\u0131n d\u00fczeltilmesini isteme,<\/li>\n\n\n\n<li>KVKK\u2019n\u0131n 7. maddesinde \u00f6ng\u00f6r\u00fclen \u015fartlar \u00e7er\u00e7evesinde ki\u015fisel verilerin silinmesini veya yok edilmesini isteme ve bu h\u00fck\u00fcmler uyar\u0131nca yap\u0131lan i\u015flemlerin, ki\u015fisel verilen aktar\u0131ld\u0131\u011f\u0131 \u00fc\u00e7\u00fcnc\u00fc ki\u015filere bildirilmesini isteme,<\/li>\n\n\n\n<li>\u0130\u015flenen verilerin m\u00fcnhas\u0131ran otomatik sistemler vas\u0131tas\u0131yla analiz edilmesi suretiyle ki\u015finin kendisi aleyhine bir sonucun ortaya \u00e7\u0131kmas\u0131na itiraz etme,<\/li>\n\n\n\n<li>Ki\u015fisel verilerin kanuna ayk\u0131r\u0131 olarak i\u015flenmesi sebebiyle zarara u\u011framas\u0131 h\u00e2linde zarar\u0131n giderilmesini talep etme.<\/li>\n<\/ul>\n\n\n\n<p class=\"has-nv-site-bg-background-color has-background\"><strong>Ki\u015fisel Verilere \u0130li\u015fkin Haklar\u0131n Kullan\u0131lmas\u0131na \u0130li\u015fkin Esaslar<\/strong><br>\u0130lgili ki\u015filer, ki\u015fisel verilere ili\u015fkin haklar\u0131 kullanmak i\u00e7in; <a href=\"https:\/\/eisso-shoes.com\/tr\/\" data-type=\"URL\" data-id=\"https:\/\/eisso-shoes.com\/tr\/\">www.eisso-shoes.com<\/a> sayfas\u0131nda ve a\u015fa\u011f\u0131da yer verilen linkte yer alan KVK Ba\u015fvuru Formunu kullanarak; <br>KEP adresimize ba\u015fvuru ger\u00e7ekle\u015ftirebilir,  mahmoud.iso@hs01.kep.tr e-mail adresimize mobil imzal\u0131, e-imzal\u0131 veya sistemlerimizde kay\u0131tl\u0131 ve onayl\u0131 e-mail adresi vas\u0131tas\u0131yla ba\u015fvuru ger\u00e7ekle\u015ftirebilir, <br>Eisso Ayakkab\u0131, 6134. Sk. 81, Bornova, 35070 Izmir \/ T\u00fcrkiye adresine \u015fahsen \u0131slak imzal\u0131 yaz\u0131l\u0131 ba\u015fvuru veya noter kanal\u0131 ile taleplerine ili\u015fkin ba\u015fvuru ger\u00e7ekle\u015ftirilebilirler. \u0130\u015fbu usullere ve KVKK d\u00fczenlemelerinde yer alan ba\u015fvuru usullerine uygun ba\u015fvurulara en ge\u00e7 30 g\u00fcn i\u00e7erisinde cevap verilecektir.<\/p>\n\n\n\n<p><a href=\"http:\/\/eisso-shoes.com\/wp-content\/uploads\/2022\/09\/kvkk-basvuru_eisso-ayakkabi.pdf\" data-type=\"URL\" data-id=\"http:\/\/eisso-shoes.com\/wp-content\/uploads\/2022\/09\/kvkk-basvuru_eisso-ayakkabi.pdf\" target=\"_blank\" rel=\"noreferrer noopener\">KVKK ba\u015fvuru formu i\u00e7in t\u0131klay\u0131n\u0131z<\/a><br><\/p>\n\n\n\n<p><strong>eisso-shoes.com&#8217;a a\u015fa\u011f\u0131da yer alan ileti\u015fim bilgilerinden ula\u015fabilirsiniz:<\/strong><br><br><strong>Adres: <\/strong><br>Eisso Ayakkab\u0131<br>6134. Sk. 81<br>Bornova<br>35070 Izmir<br>T\u00fcrkiye<br><br><strong>Telefon: <\/strong>+90 505 161 92 10 ve +90 505 055 53 31<br><strong>E-posta:<\/strong> <a rel=\"noreferrer noopener\" href=\"mailto:info@eisso-shoes.com\" target=\"_blank\">info@eisso-shoes.com<\/a><\/p>\n","protected":false},"excerpt":{"rendered":"<p>\u00c7erez Politikam\u0131z,&nbsp;www.eisso-shoes.com&nbsp;internet sitemizde siz de\u011ferli ziyaret\u00e7ilerimize daha kaliteli ve ki\u015fiselle\u015ftirilmi\u015f hizmet sunabilmek amac\u0131yla \u00e7erez (cookie) kullan\u0131m\u0131m\u0131z\u0131n esaslar\u0131, \u00e7erez \u00e7e\u015fitleri hakk\u0131nda bilgilendirme amac\u0131yla haz\u0131rlanm\u0131\u015ft\u0131r. 1. \u00c7EREZ HAKKINDA\u00c7erez, ziyaret edilen bir web [&hellip;]<\/p>\n","protected":false},"author":1,"featured_media":0,"parent":0,"menu_order":0,"comment_status":"closed","ping_status":"closed","template":"","meta":{"_themeisle_gutenberg_block_has_review":false,"footnotes":""},"class_list":["post-43","page","type-page","status-publish","hentry"],"jetpack_sharing_enabled":true,"_links":{"self":[{"href":"https:\/\/eisso-shoes.com\/tr\/wp-json\/wp\/v2\/pages\/43","targetHints":{"allow":["GET"]}}],"collection":[{"href":"https:\/\/eisso-shoes.com\/tr\/wp-json\/wp\/v2\/pages"}],"about":[{"href":"https:\/\/eisso-shoes.com\/tr\/wp-json\/wp\/v2\/types\/page"}],"author":[{"embeddable":true,"href":"https:\/\/eisso-shoes.com\/tr\/wp-json\/wp\/v2\/users\/1"}],"replies":[{"embeddable":true,"href":"https:\/\/eisso-shoes.com\/tr\/wp-json\/wp\/v2\/comments?post=43"}],"version-history":[{"count":9,"href":"https:\/\/eisso-shoes.com\/tr\/wp-json\/wp\/v2\/pages\/43\/revisions"}],"predecessor-version":[{"id":2503,"href":"https:\/\/eisso-shoes.com\/tr\/wp-json\/wp\/v2\/pages\/43\/revisions\/2503"}],"wp:attachment":[{"href":"https:\/\/eisso-shoes.com\/tr\/wp-json\/wp\/v2\/media?parent=43"}],"curies":[{"name":"wp","href":"https:\/\/api.w.org\/{rel}","templated":true}]}}