{"id":477,"date":"2020-06-30T00:26:40","date_gmt":"2020-06-29T21:26:40","guid":{"rendered":"https:\/\/eisso-shoes.com\/?page_id=477"},"modified":"2024-05-12T14:13:45","modified_gmt":"2024-05-12T11:13:45","slug":"hakkimizda","status":"publish","type":"page","link":"https:\/\/eisso-shoes.com\/tr\/hakkimizda\/","title":{"rendered":"Hakk\u0131m\u0131zda"},"content":{"rendered":"\n<div class=\"wp-block-media-text is-stacked-on-mobile\" style=\"grid-template-columns:36% auto\"><figure class=\"wp-block-media-text__media\"><img decoding=\"async\" width=\"576\" height=\"1024\" data-src=\"https:\/\/eisso-shoes.com\/wp-content\/uploads\/2024\/05\/Beige-Tender-Vintage-Aesthetic-Blog-Your-Story-5-576x1024.png\" alt=\"\" class=\"wp-image-3173 size-full lazyload\" data-srcset=\"https:\/\/eisso-shoes.com\/wp-content\/uploads\/2024\/05\/Beige-Tender-Vintage-Aesthetic-Blog-Your-Story-5-576x1024.png 576w, https:\/\/eisso-shoes.com\/wp-content\/uploads\/2024\/05\/Beige-Tender-Vintage-Aesthetic-Blog-Your-Story-5-169x300.png 169w, https:\/\/eisso-shoes.com\/wp-content\/uploads\/2024\/05\/Beige-Tender-Vintage-Aesthetic-Blog-Your-Story-5-768x1365.png 768w, https:\/\/eisso-shoes.com\/wp-content\/uploads\/2024\/05\/Beige-Tender-Vintage-Aesthetic-Blog-Your-Story-5-864x1536.png 864w, https:\/\/eisso-shoes.com\/wp-content\/uploads\/2024\/05\/Beige-Tender-Vintage-Aesthetic-Blog-Your-Story-5-1152x2048.png 1152w, https:\/\/eisso-shoes.com\/wp-content\/uploads\/2024\/05\/Beige-Tender-Vintage-Aesthetic-Blog-Your-Story-5-1140x2027.png 1140w, https:\/\/eisso-shoes.com\/wp-content\/uploads\/2024\/05\/Beige-Tender-Vintage-Aesthetic-Blog-Your-Story-5-920x1636.png 920w, https:\/\/eisso-shoes.com\/wp-content\/uploads\/2024\/05\/Beige-Tender-Vintage-Aesthetic-Blog-Your-Story-5-575x1022.png 575w, https:\/\/eisso-shoes.com\/wp-content\/uploads\/2024\/05\/Beige-Tender-Vintage-Aesthetic-Blog-Your-Story-5-380x676.png 380w, https:\/\/eisso-shoes.com\/wp-content\/uploads\/2024\/05\/Beige-Tender-Vintage-Aesthetic-Blog-Your-Story-5-420x747.png 420w, https:\/\/eisso-shoes.com\/wp-content\/uploads\/2024\/05\/Beige-Tender-Vintage-Aesthetic-Blog-Your-Story-5-800x1422.png 800w\" data-sizes=\"(max-width: 576px) 100vw, 576px\" src=\"data:image\/svg+xml;base64,PHN2ZyB3aWR0aD0iMSIgaGVpZ2h0PSIxIiB4bWxucz0iaHR0cDovL3d3dy53My5vcmcvMjAwMC9zdmciPjwvc3ZnPg==\" style=\"--smush-placeholder-width: 576px; --smush-placeholder-aspect-ratio: 576\/1024;\" \/><\/figure><div class=\"wp-block-media-text__content\">\n<h2 class=\"wp-block-heading has-color-6-color has-text-color has-link-color wp-elements-57f6c857d8cb376832ab0512e358b75a\">\u0130\u015fimize 2022 y\u0131l\u0131nda ba\u015flad\u0131k.<\/h2>\n\n\n\n<p>Ayakkab\u0131lar\u0131 seviyoruz &#8211; ve insanlar\u0131 mutlu edebilece\u011fine inan\u0131yoruz! Bu y\u00fczden m\u00fc\u015fterileriniz i\u00e7in premium kalitede ayakkab\u0131lar alman\u0131z\u0131 sa\u011flayan bir at\u00f6lye olu\u015fturduk.<\/p>\n<\/div><\/div>\n\n\n\n<div id=\"wp-block-themeisle-blocks-advanced-columns-66b34962\" class=\"wp-block-themeisle-blocks-advanced-columns alignfull has-2-columns has-desktop-equal-layout has-tablet-equal-layout has-mobile-collapsedRows-layout has-vertical-unset\"><div class=\"wp-block-themeisle-blocks-advanced-columns-overlay\"><\/div><div class=\"innerblocks-wrap\">\n<div id=\"wp-block-themeisle-blocks-advanced-column-3809e31f\" class=\"wp-block-themeisle-blocks-advanced-column\">\n<div id=\"wp-block-themeisle-blocks-advanced-columns-a89d71d5\" class=\"wp-block-themeisle-blocks-advanced-columns has-2-columns has-desktop-oneTwo-layout has-tablet-equal-layout has-mobile-collapsedRows-layout has-vertical-unset\"><div class=\"wp-block-themeisle-blocks-advanced-columns-overlay\"><\/div><div class=\"innerblocks-wrap\">\n<div id=\"wp-block-themeisle-blocks-advanced-column-c6298ab6\" class=\"wp-block-themeisle-blocks-advanced-column\">\n<div id=\"wp-block-themeisle-blocks-font-awesome-icons-8f22dcff\" class=\"wp-block-themeisle-blocks-font-awesome-icons\"><span class=\"wp-block-themeisle-blocks-font-awesome-icons-container\"><i class=\"fas fa-shoe-prints\"><\/i><\/span><\/div>\n<\/div>\n\n\n\n<div id=\"wp-block-themeisle-blocks-advanced-column-ec78a68d\" class=\"wp-block-themeisle-blocks-advanced-column\">\n<h3 class=\"wp-block-heading has-color-6-color has-text-color has-link-color wp-elements-678b170cb7edd097430c35fe5136e8b7\">Kaliteli Ayakkab\u0131lar<\/h3>\n\n\n\n<p>Ayakkab\u0131lara \u00f6nem veriyoruz ve en kaliteli el i\u015f\u00e7ili\u011fini sunuyoruz.<\/p>\n<\/div>\n<\/div><\/div>\n\n\n\n<div id=\"wp-block-themeisle-blocks-advanced-columns-aa49216a\" class=\"wp-block-themeisle-blocks-advanced-columns has-2-columns has-desktop-oneTwo-layout has-tablet-equal-layout has-mobile-collapsedRows-layout has-vertical-unset\"><div class=\"wp-block-themeisle-blocks-advanced-columns-overlay\"><\/div><div class=\"innerblocks-wrap\">\n<div id=\"wp-block-themeisle-blocks-advanced-column-51cb05f6\" class=\"wp-block-themeisle-blocks-advanced-column\">\n<div id=\"wp-block-themeisle-blocks-font-awesome-icons-b7a6f58f\" class=\"wp-block-themeisle-blocks-font-awesome-icons\"><span class=\"wp-block-themeisle-blocks-font-awesome-icons-container\"><i class=\"fas fa-shipping-fast\"><\/i><\/span><\/div>\n<\/div>\n\n\n\n<div id=\"wp-block-themeisle-blocks-advanced-column-b5238015\" class=\"wp-block-themeisle-blocks-advanced-column\">\n<h3 class=\"wp-block-heading has-color-6-color has-text-color has-link-color wp-elements-dcc588155b39ee3b84278fa8d55d533a\">Toptan M\u00fc\u015fteriler<\/h3>\n\n\n\n<p>Toptan sat\u0131c\u0131lar, ma\u011faza sahipleri ve \u015firket m\u00fc\u015fterileri i\u00e7in \u00fcretim yap\u0131yoruz.<\/p>\n<\/div>\n<\/div><\/div>\n<\/div>\n\n\n\n<div id=\"wp-block-themeisle-blocks-advanced-column-7287ac6a\" class=\"wp-block-themeisle-blocks-advanced-column\">\n<div id=\"wp-block-themeisle-blocks-advanced-columns-2b0841b5\" class=\"wp-block-themeisle-blocks-advanced-columns has-2-columns has-desktop-oneTwo-layout has-tablet-equal-layout has-mobile-collapsedRows-layout has-vertical-unset\"><div class=\"wp-block-themeisle-blocks-advanced-columns-overlay\"><\/div><div class=\"innerblocks-wrap\">\n<div id=\"wp-block-themeisle-blocks-advanced-column-4e2a49cd\" class=\"wp-block-themeisle-blocks-advanced-column\">\n<div id=\"wp-block-themeisle-blocks-font-awesome-icons-57bf6641\" class=\"wp-block-themeisle-blocks-font-awesome-icons\"><span class=\"wp-block-themeisle-blocks-font-awesome-icons-container\"><i class=\"fas fa-money-check-alt\"><\/i><\/span><\/div>\n<\/div>\n\n\n\n<div id=\"wp-block-themeisle-blocks-advanced-column-3578ff9e\" class=\"wp-block-themeisle-blocks-advanced-column\">\n<h3 class=\"wp-block-heading has-color-6-color has-text-color has-link-color wp-elements-454275b7ebc5939208c467dfaa4a51b9\">\u00d6n \u00d6demeler<\/h3>\n\n\n\n<p>B\u00fcy\u00fcyen giri\u015fimimizi destekledi\u011finiz i\u00e7in te\u015fekk\u00fcr ederiz!<\/p>\n<\/div>\n<\/div><\/div>\n\n\n\n<div id=\"wp-block-themeisle-blocks-advanced-columns-035ca70a\" class=\"wp-block-themeisle-blocks-advanced-columns has-2-columns has-desktop-oneTwo-layout has-tablet-equal-layout has-mobile-collapsedRows-layout has-vertical-unset\"><div class=\"wp-block-themeisle-blocks-advanced-columns-overlay\"><\/div><div class=\"innerblocks-wrap\">\n<div id=\"wp-block-themeisle-blocks-advanced-column-ebd5b984\" class=\"wp-block-themeisle-blocks-advanced-column\">\n<div id=\"wp-block-themeisle-blocks-font-awesome-icons-cecb1cdd\" class=\"wp-block-themeisle-blocks-font-awesome-icons\"><span class=\"wp-block-themeisle-blocks-font-awesome-icons-container\"><i class=\"fas fa-smile-beam\"><\/i><\/span><\/div>\n<\/div>\n\n\n\n<div id=\"wp-block-themeisle-blocks-advanced-column-dc1865bb\" class=\"wp-block-themeisle-blocks-advanced-column\">\n<h3 class=\"wp-block-heading has-color-6-color has-text-color has-link-color wp-elements-77701dec4bbf391b00c406ce22fe31be\">Harika Hizmet<\/h3>\n\n\n\n<p>Hizmeti \u00f6ncelikli tutarak \u00fcr\u00fcnlerinizin h\u0131zl\u0131 teslimat\u0131n\u0131 sa\u011fl\u0131yoruz.<\/p>\n<\/div>\n<\/div><\/div>\n<\/div>\n<\/div><\/div>\n\n\n\n<div id=\"wp-block-themeisle-blocks-advanced-columns-0ab5d83a\" class=\"wp-block-themeisle-blocks-advanced-columns alignfull has-1-columns has-desktop-equal-layout has-tablet-equal-layout has-mobile-equal-layout has-vertical-unset\"><div class=\"wp-block-themeisle-blocks-advanced-columns-overlay\"><\/div><div class=\"innerblocks-wrap\">\n<div id=\"wp-block-themeisle-blocks-advanced-column-d6f07f31\" class=\"wp-block-themeisle-blocks-advanced-column\">\n<h2 class=\"wp-block-heading has-color-6-color has-text-color has-link-color wp-elements-d08cd6d1a3ea9bd05a8a8a44609ec97a\">S\u0131k\u00e7a Sorulan Sorular<\/h2>\n\n\n\n<hr class=\"wp-block-separator has-text-color has-neve-button-color-color has-css-opacity has-neve-button-color-background-color has-background\"\/>\n\n\n\n<div id=\"wp-block-themeisle-blocks-advanced-columns-49c978a0\" class=\"wp-block-themeisle-blocks-advanced-columns has-1-columns has-desktop-equal-layout has-tablet-equal-layout has-mobile-equal-layout has-vertical-unset has-dark-bg\"><div class=\"wp-block-themeisle-blocks-advanced-columns-overlay\"><\/div><div class=\"innerblocks-wrap\">\n<div id=\"wp-block-themeisle-blocks-advanced-column-903d5221\" class=\"wp-block-themeisle-blocks-advanced-column\">\n<p>T\u00fcrkiye genelinde kargo hizmeti sunuyor musunuz?<\/p>\n<\/div>\n<\/div><\/div>\n\n\n\n<p>Evet, \u015fu anda \u00fcr\u00fcnlerimizi T\u00fcrkiye&#8217;nin her yerine m\u00fc\u015fterilere g\u00f6nderiyoruz.<\/p>\n\n\n\n<div id=\"wp-block-themeisle-blocks-advanced-columns-673ea8e6\" class=\"wp-block-themeisle-blocks-advanced-columns has-1-columns has-desktop-equal-layout has-tablet-equal-layout has-mobile-equal-layout has-vertical-unset has-dark-bg\"><div class=\"wp-block-themeisle-blocks-advanced-columns-overlay\"><\/div><div class=\"innerblocks-wrap\">\n<div id=\"wp-block-themeisle-blocks-advanced-column-874f51aa\" class=\"wp-block-themeisle-blocks-advanced-column\">\n<p class=\"has-nv-text-dark-bg-color has-text-color\">Ba\u015fka \u00fclkelere de kargo yap\u0131yor musunuz?<\/p>\n<\/div>\n<\/div><\/div>\n\n\n\n<p class=\"has-nv-text-dark-bg-color has-text-color\">\u015eu anda sadece T\u00fcrkiye&#8217;ye kargo yap\u0131yoruz. Ancak, gelecekte AB, Balkanlar ve Arap d\u00fcnyas\u0131 gibi di\u011fer \u00fclkeleri ve b\u00f6lgeleri de dahil etmeyi planl\u0131yoruz. Daha fazla bilgi i\u00e7in bizimle ileti\u015fime ge\u00e7in!<\/p>\n\n\n\n<div id=\"wp-block-themeisle-blocks-advanced-columns-fa25fb0a\" class=\"wp-block-themeisle-blocks-advanced-columns has-1-columns has-desktop-equal-layout has-tablet-equal-layout has-mobile-equal-layout has-vertical-unset has-dark-bg\"><div class=\"wp-block-themeisle-blocks-advanced-columns-overlay\"><\/div><div class=\"innerblocks-wrap\">\n<div id=\"wp-block-themeisle-blocks-advanced-column-2ee78622\" class=\"wp-block-themeisle-blocks-advanced-column\">\n<p>Ayakkab\u0131lar\u0131n\u0131z\u0131 \u00e7evrimi\u00e7i olarak sipari\u015f edebilir miyim?<\/p>\n<\/div>\n<\/div><\/div>\n\n\n\n<p class=\"has-nv-text-dark-bg-color has-text-color\">Bize e-posta veya cep telefonu arac\u0131l\u0131\u011f\u0131yla ula\u015farak sipari\u015f verebilirsiniz. Ayr\u0131ca \u015fu anda bir web ma\u011fazas\u0131 kurma \u00e7al\u0131\u015fmalar\u0131m\u0131z\u0131 da s\u00fcrd\u00fcr\u00fcyoruz.<\/p>\n<\/div>\n<\/div><\/div>\n\n\n\n<div id=\"wp-block-themeisle-blocks-advanced-columns-0dd32b1f\" class=\"wp-block-themeisle-blocks-advanced-columns alignfull has-2-columns has-desktop-oneTwo-layout has-tablet-equal-layout has-mobile-collapsedRows-layout has-vertical-unset\"><div class=\"wp-block-themeisle-blocks-advanced-columns-overlay\"><\/div><div class=\"innerblocks-wrap\">\n<div id=\"wp-block-themeisle-blocks-advanced-column-b87f0665\" class=\"wp-block-themeisle-blocks-advanced-column\">\n<div id=\"wp-block-themeisle-blocks-advanced-columns-30b38721\" class=\"wp-block-themeisle-blocks-advanced-columns has-2-columns has-desktop-equal-layout has-tablet-equal-layout has-mobile-collapsedRows-layout has-vertical-unset\"><div class=\"wp-block-themeisle-blocks-advanced-columns-overlay\"><\/div><div class=\"innerblocks-wrap\">\n<div id=\"wp-block-themeisle-blocks-advanced-column-785827e4\" class=\"wp-block-themeisle-blocks-advanced-column\">\n<figure class=\"wp-block-image size-large\"><img decoding=\"async\" width=\"682\" height=\"1024\" data-src=\"http:\/\/eisso-shoes.com\/wp-content\/uploads\/2022\/09\/Eisso-shoe-white-long-682x1024.jpeg\" alt=\"\" class=\"wp-image-380 lazyload\" data-srcset=\"https:\/\/eisso-shoes.com\/wp-content\/uploads\/2022\/09\/Eisso-shoe-white-long-682x1024.jpeg 682w, https:\/\/eisso-shoes.com\/wp-content\/uploads\/2022\/09\/Eisso-shoe-white-long-420x630.jpeg 420w, https:\/\/eisso-shoes.com\/wp-content\/uploads\/2022\/09\/Eisso-shoe-white-long-800x1201.jpeg 800w, https:\/\/eisso-shoes.com\/wp-content\/uploads\/2022\/09\/Eisso-shoe-white-long-200x300.jpeg 200w, https:\/\/eisso-shoes.com\/wp-content\/uploads\/2022\/09\/Eisso-shoe-white-long-768x1153.jpeg 768w, https:\/\/eisso-shoes.com\/wp-content\/uploads\/2022\/09\/Eisso-shoe-white-long-1023x1536.jpeg 1023w, https:\/\/eisso-shoes.com\/wp-content\/uploads\/2022\/09\/Eisso-shoe-white-long.jpeg 1066w\" data-sizes=\"(max-width: 682px) 100vw, 682px\" src=\"data:image\/svg+xml;base64,PHN2ZyB3aWR0aD0iMSIgaGVpZ2h0PSIxIiB4bWxucz0iaHR0cDovL3d3dy53My5vcmcvMjAwMC9zdmciPjwvc3ZnPg==\" style=\"--smush-placeholder-width: 682px; --smush-placeholder-aspect-ratio: 682\/1024;\" \/><\/figure>\n<\/div>\n\n\n\n<div id=\"wp-block-themeisle-blocks-advanced-column-0fd5cc39\" class=\"wp-block-themeisle-blocks-advanced-column\">\n<figure class=\"wp-block-image size-large\"><img decoding=\"async\" data-src=\"http:\/\/eisso-shoes.com\/wp-content\/uploads\/2022\/09\/Eisso-shoe-black-short2-682x1024.jpeg\" alt=\"\" class=\"wp-image-371 lazyload\" src=\"data:image\/svg+xml;base64,PHN2ZyB3aWR0aD0iMSIgaGVpZ2h0PSIxIiB4bWxucz0iaHR0cDovL3d3dy53My5vcmcvMjAwMC9zdmciPjwvc3ZnPg==\" style=\"--smush-placeholder-width: 682px; --smush-placeholder-aspect-ratio: 682\/1024;\" \/><\/figure>\n<\/div>\n<\/div><\/div>\n<\/div>\n\n\n\n<div id=\"wp-block-themeisle-blocks-advanced-column-db69c55e\" class=\"wp-block-themeisle-blocks-advanced-column\">\n<div id=\"wp-block-themeisle-blocks-advanced-columns-24921e6c\" class=\"wp-block-themeisle-blocks-advanced-columns has-3-columns has-desktop-equal-layout has-tablet-equal-layout has-mobile-collapsedRows-layout has-vertical-unset\"><div class=\"wp-block-themeisle-blocks-advanced-columns-overlay\"><\/div><div class=\"innerblocks-wrap\">\n<div id=\"wp-block-themeisle-blocks-advanced-column-2be5e90e\" class=\"wp-block-themeisle-blocks-advanced-column\">\n<figure class=\"wp-block-image size-large\"><img decoding=\"async\" width=\"682\" height=\"1024\" data-src=\"https:\/\/eisso-shoes.com\/wp-content\/uploads\/2022\/09\/Eisso-shoe-green-682x1024.jpeg\" alt=\"\" class=\"wp-image-368 lazyload\" data-srcset=\"https:\/\/eisso-shoes.com\/wp-content\/uploads\/2022\/09\/Eisso-shoe-green-682x1024.jpeg 682w, https:\/\/eisso-shoes.com\/wp-content\/uploads\/2022\/09\/Eisso-shoe-green-420x630.jpeg 420w, https:\/\/eisso-shoes.com\/wp-content\/uploads\/2022\/09\/Eisso-shoe-green-800x1201.jpeg 800w, https:\/\/eisso-shoes.com\/wp-content\/uploads\/2022\/09\/Eisso-shoe-green-200x300.jpeg 200w, https:\/\/eisso-shoes.com\/wp-content\/uploads\/2022\/09\/Eisso-shoe-green-768x1153.jpeg 768w, https:\/\/eisso-shoes.com\/wp-content\/uploads\/2022\/09\/Eisso-shoe-green-1023x1536.jpeg 1023w, https:\/\/eisso-shoes.com\/wp-content\/uploads\/2022\/09\/Eisso-shoe-green.jpeg 1066w\" data-sizes=\"(max-width: 682px) 100vw, 682px\" src=\"data:image\/svg+xml;base64,PHN2ZyB3aWR0aD0iMSIgaGVpZ2h0PSIxIiB4bWxucz0iaHR0cDovL3d3dy53My5vcmcvMjAwMC9zdmciPjwvc3ZnPg==\" style=\"--smush-placeholder-width: 682px; --smush-placeholder-aspect-ratio: 682\/1024;\" \/><\/figure>\n<\/div>\n\n\n\n<div id=\"wp-block-themeisle-blocks-advanced-column-feb003ae\" class=\"wp-block-themeisle-blocks-advanced-column\">\n<figure class=\"wp-block-image size-large\"><img decoding=\"async\" width=\"682\" height=\"1024\" data-src=\"http:\/\/eisso-shoes.com\/wp-content\/uploads\/2022\/09\/Eisso-shoe-black-shiny-682x1024.jpeg\" alt=\"\" class=\"wp-image-370 lazyload\" data-srcset=\"https:\/\/eisso-shoes.com\/wp-content\/uploads\/2022\/09\/Eisso-shoe-black-shiny-682x1024.jpeg 682w, https:\/\/eisso-shoes.com\/wp-content\/uploads\/2022\/09\/Eisso-shoe-black-shiny-420x630.jpeg 420w, https:\/\/eisso-shoes.com\/wp-content\/uploads\/2022\/09\/Eisso-shoe-black-shiny-800x1201.jpeg 800w, https:\/\/eisso-shoes.com\/wp-content\/uploads\/2022\/09\/Eisso-shoe-black-shiny-200x300.jpeg 200w, https:\/\/eisso-shoes.com\/wp-content\/uploads\/2022\/09\/Eisso-shoe-black-shiny-768x1153.jpeg 768w, https:\/\/eisso-shoes.com\/wp-content\/uploads\/2022\/09\/Eisso-shoe-black-shiny-1023x1536.jpeg 1023w, https:\/\/eisso-shoes.com\/wp-content\/uploads\/2022\/09\/Eisso-shoe-black-shiny.jpeg 1066w\" data-sizes=\"(max-width: 682px) 100vw, 682px\" src=\"data:image\/svg+xml;base64,PHN2ZyB3aWR0aD0iMSIgaGVpZ2h0PSIxIiB4bWxucz0iaHR0cDovL3d3dy53My5vcmcvMjAwMC9zdmciPjwvc3ZnPg==\" style=\"--smush-placeholder-width: 682px; --smush-placeholder-aspect-ratio: 682\/1024;\" \/><\/figure>\n<\/div>\n\n\n\n<div id=\"wp-block-themeisle-blocks-advanced-column-1b3c3f8e\" class=\"wp-block-themeisle-blocks-advanced-column\">\n<figure class=\"wp-block-image size-large\"><img decoding=\"async\" width=\"682\" height=\"1024\" data-src=\"http:\/\/eisso-shoes.com\/wp-content\/uploads\/2022\/09\/Eisso-shoe-pink-682x1024.jpeg\" alt=\"\" class=\"wp-image-367 lazyload\" data-srcset=\"https:\/\/eisso-shoes.com\/wp-content\/uploads\/2022\/09\/Eisso-shoe-pink-682x1024.jpeg 682w, https:\/\/eisso-shoes.com\/wp-content\/uploads\/2022\/09\/Eisso-shoe-pink-420x630.jpeg 420w, https:\/\/eisso-shoes.com\/wp-content\/uploads\/2022\/09\/Eisso-shoe-pink-800x1201.jpeg 800w, https:\/\/eisso-shoes.com\/wp-content\/uploads\/2022\/09\/Eisso-shoe-pink-200x300.jpeg 200w, https:\/\/eisso-shoes.com\/wp-content\/uploads\/2022\/09\/Eisso-shoe-pink-768x1153.jpeg 768w, https:\/\/eisso-shoes.com\/wp-content\/uploads\/2022\/09\/Eisso-shoe-pink-1023x1536.jpeg 1023w, https:\/\/eisso-shoes.com\/wp-content\/uploads\/2022\/09\/Eisso-shoe-pink.jpeg 1066w\" data-sizes=\"(max-width: 682px) 100vw, 682px\" src=\"data:image\/svg+xml;base64,PHN2ZyB3aWR0aD0iMSIgaGVpZ2h0PSIxIiB4bWxucz0iaHR0cDovL3d3dy53My5vcmcvMjAwMC9zdmciPjwvc3ZnPg==\" style=\"--smush-placeholder-width: 682px; --smush-placeholder-aspect-ratio: 682\/1024;\" \/><\/figure>\n<\/div>\n<\/div><\/div>\n<\/div>\n<\/div><\/div>\n\n\n\n<div id=\"wp-block-themeisle-blocks-advanced-columns-7fa15eef\" class=\"wp-block-themeisle-blocks-advanced-columns alignfull has-1-columns has-desktop-equal-layout has-tablet-equal-layout has-mobile-equal-layout has-vertical-unset\"><div class=\"wp-block-themeisle-blocks-advanced-columns-overlay\"><\/div><div class=\"innerblocks-wrap\">\n<div id=\"wp-block-themeisle-blocks-advanced-column-20d8fef0\" class=\"wp-block-themeisle-blocks-advanced-column\">\n<h2 class=\"wp-block-heading has-text-align-center\">Shop Categories<\/h2>\n<\/div>\n<\/div><\/div>\n\n\n\n<div id=\"wp-block-themeisle-blocks-advanced-columns-7fc487a2\" class=\"wp-block-themeisle-blocks-advanced-columns alignfull has-3-columns has-desktop-equal-layout has-tablet-equal-layout has-mobile-collapsedRows-layout has-vertical-unset\"><div class=\"wp-block-themeisle-blocks-advanced-columns-overlay\"><\/div><div class=\"innerblocks-wrap\">\n<div id=\"wp-block-themeisle-blocks-advanced-column-f085661c\" class=\"wp-block-themeisle-blocks-advanced-column\">\n<figure class=\"wp-block-image size-large\"><img decoding=\"async\" data-src=\"http:\/\/eisso-shoes.com\/wp-content\/uploads\/2022\/09\/Eisso-shoe-black-682x1024.jpeg\" alt=\"\" class=\"wp-image-379 lazyload\" src=\"data:image\/svg+xml;base64,PHN2ZyB3aWR0aD0iMSIgaGVpZ2h0PSIxIiB4bWxucz0iaHR0cDovL3d3dy53My5vcmcvMjAwMC9zdmciPjwvc3ZnPg==\" style=\"--smush-placeholder-width: 682px; --smush-placeholder-aspect-ratio: 682\/1024;\" \/><\/figure>\n\n\n\n<h3 class=\"wp-block-heading has-text-align-center\">High Boots<\/h3>\n\n\n\n<p class=\"has-text-align-center\">Looks good in any weather &#8211; with our great high boots<\/p>\n<\/div>\n\n\n\n<div id=\"wp-block-themeisle-blocks-advanced-column-1f0c697c\" class=\"wp-block-themeisle-blocks-advanced-column\">\n<figure class=\"wp-block-image size-large\"><img decoding=\"async\" width=\"682\" height=\"1024\" data-src=\"http:\/\/eisso-shoes.com\/wp-content\/uploads\/2022\/09\/Eisso-shoe-white-medium-682x1024.jpeg\" alt=\"\" class=\"wp-image-369 lazyload\" data-srcset=\"https:\/\/eisso-shoes.com\/wp-content\/uploads\/2022\/09\/Eisso-shoe-white-medium-682x1024.jpeg 682w, https:\/\/eisso-shoes.com\/wp-content\/uploads\/2022\/09\/Eisso-shoe-white-medium-420x630.jpeg 420w, https:\/\/eisso-shoes.com\/wp-content\/uploads\/2022\/09\/Eisso-shoe-white-medium-800x1201.jpeg 800w, https:\/\/eisso-shoes.com\/wp-content\/uploads\/2022\/09\/Eisso-shoe-white-medium-200x300.jpeg 200w, https:\/\/eisso-shoes.com\/wp-content\/uploads\/2022\/09\/Eisso-shoe-white-medium-768x1153.jpeg 768w, https:\/\/eisso-shoes.com\/wp-content\/uploads\/2022\/09\/Eisso-shoe-white-medium-1023x1536.jpeg 1023w, https:\/\/eisso-shoes.com\/wp-content\/uploads\/2022\/09\/Eisso-shoe-white-medium.jpeg 1066w\" data-sizes=\"(max-width: 682px) 100vw, 682px\" src=\"data:image\/svg+xml;base64,PHN2ZyB3aWR0aD0iMSIgaGVpZ2h0PSIxIiB4bWxucz0iaHR0cDovL3d3dy53My5vcmcvMjAwMC9zdmciPjwvc3ZnPg==\" style=\"--smush-placeholder-width: 682px; --smush-placeholder-aspect-ratio: 682\/1024;\" \/><\/figure>\n\n\n\n<h3 class=\"wp-block-heading has-text-align-center\">Mid Calf Boots<\/h3>\n\n\n\n<p class=\"has-text-align-center\">Comfy and cool, our mid calf boots give that little extra to any outfit <\/p>\n<\/div>\n\n\n\n<div id=\"wp-block-themeisle-blocks-advanced-column-67af76c2\" class=\"wp-block-themeisle-blocks-advanced-column\">\n<figure class=\"wp-block-image size-large\"><img decoding=\"async\" width=\"682\" height=\"1024\" data-src=\"http:\/\/eisso-shoes.com\/wp-content\/uploads\/2022\/09\/Eisso-shoe-green-682x1024.jpeg\" alt=\"\" class=\"wp-image-368 lazyload\" data-srcset=\"https:\/\/eisso-shoes.com\/wp-content\/uploads\/2022\/09\/Eisso-shoe-green-682x1024.jpeg 682w, https:\/\/eisso-shoes.com\/wp-content\/uploads\/2022\/09\/Eisso-shoe-green-420x630.jpeg 420w, https:\/\/eisso-shoes.com\/wp-content\/uploads\/2022\/09\/Eisso-shoe-green-800x1201.jpeg 800w, https:\/\/eisso-shoes.com\/wp-content\/uploads\/2022\/09\/Eisso-shoe-green-200x300.jpeg 200w, https:\/\/eisso-shoes.com\/wp-content\/uploads\/2022\/09\/Eisso-shoe-green-768x1153.jpeg 768w, https:\/\/eisso-shoes.com\/wp-content\/uploads\/2022\/09\/Eisso-shoe-green-1023x1536.jpeg 1023w, https:\/\/eisso-shoes.com\/wp-content\/uploads\/2022\/09\/Eisso-shoe-green.jpeg 1066w\" data-sizes=\"(max-width: 682px) 100vw, 682px\" src=\"data:image\/svg+xml;base64,PHN2ZyB3aWR0aD0iMSIgaGVpZ2h0PSIxIiB4bWxucz0iaHR0cDovL3d3dy53My5vcmcvMjAwMC9zdmciPjwvc3ZnPg==\" style=\"--smush-placeholder-width: 682px; --smush-placeholder-aspect-ratio: 682\/1024;\" \/><\/figure>\n\n\n\n<h3 class=\"wp-block-heading has-text-align-center\">Ankle Boots<\/h3>\n\n\n\n<p class=\"has-text-align-center\">Our stylish ankle boots are the perfect fit for a night out<\/p>\n<\/div>\n<\/div><\/div>\n","protected":false},"excerpt":{"rendered":"<p>\u0130\u015fimize 2022 y\u0131l\u0131nda ba\u015flad\u0131k. Ayakkab\u0131lar\u0131 seviyoruz &#8211; ve insanlar\u0131 mutlu edebilece\u011fine inan\u0131yoruz! Bu y\u00fczden m\u00fc\u015fterileriniz i\u00e7in premium kalitede ayakkab\u0131lar alman\u0131z\u0131 sa\u011flayan bir at\u00f6lye olu\u015fturduk.<\/p>\n","protected":false},"author":1,"featured_media":0,"parent":0,"menu_order":0,"comment_status":"closed","ping_status":"closed","template":"","meta":{"_themeisle_gutenberg_block_has_review":false,"footnotes":""},"class_list":["post-477","page","type-page","status-publish","hentry"],"jetpack_sharing_enabled":true,"_links":{"self":[{"href":"https:\/\/eisso-shoes.com\/tr\/wp-json\/wp\/v2\/pages\/477","targetHints":{"allow":["GET"]}}],"collection":[{"href":"https:\/\/eisso-shoes.com\/tr\/wp-json\/wp\/v2\/pages"}],"about":[{"href":"https:\/\/eisso-shoes.com\/tr\/wp-json\/wp\/v2\/types\/page"}],"author":[{"embeddable":true,"href":"https:\/\/eisso-shoes.com\/tr\/wp-json\/wp\/v2\/users\/1"}],"replies":[{"embeddable":true,"href":"https:\/\/eisso-shoes.com\/tr\/wp-json\/wp\/v2\/comments?post=477"}],"version-history":[{"count":8,"href":"https:\/\/eisso-shoes.com\/tr\/wp-json\/wp\/v2\/pages\/477\/revisions"}],"predecessor-version":[{"id":3194,"href":"https:\/\/eisso-shoes.com\/tr\/wp-json\/wp\/v2\/pages\/477\/revisions\/3194"}],"wp:attachment":[{"href":"https:\/\/eisso-shoes.com\/tr\/wp-json\/wp\/v2\/media?parent=477"}],"curies":[{"name":"wp","href":"https:\/\/api.w.org\/{rel}","templated":true}]}}