{"id":48,"date":"2022-09-01T20:06:55","date_gmt":"2022-09-01T20:06:55","guid":{"rendered":"http:\/\/eisso-shoes.com\/?page_id=48"},"modified":"2022-09-01T20:11:00","modified_gmt":"2022-09-01T20:11:00","slug":"kullanim-sartlari-terms-of-use","status":"publish","type":"page","link":"https:\/\/eisso-shoes.com\/tr\/kullanim-sartlari-terms-of-use\/","title":{"rendered":"Kullan\u0131m \u015eartlar\u0131 (Terms of use)"},"content":{"rendered":"\n<p>1. TARAFLAR<\/p>\n\n\n\n<p class=\"has-neve-link-color-background-color has-background\">\u0130\u015fbu \u00dcyelik S\u00f6zle\u015fmesi (&#8220;S\u00f6zle\u015fme&#8221;); www.modanisa.com ve mobil cihaz uygulamalar\u0131n\u0131n sahibi olan ve Altunizade Mahallesi Ku\u015fbak\u0131\u015f\u0131 Cad. No:27\/1 \u00dcsk\u00fcdar\/\u0130stanbul adresinde bulunan MODAN\u0130SA ELEKTRON\u0130K MA\u011eAZACILIK VE T\u0130C. A.\u015e. ( \u201cEISSO AYAKKABI\u201d )ile; www.modanisa.com ve mobil uygulamas\u0131na (\u201cPlatform\u201d) a\u015fa\u011f\u0131daki \u015fartlar\u0131 kabul ederek \u00fcye olan web sitesi kullan\u0131c\u0131s\u0131 veya mobil cihazlara kurulan uygulamalardan \u00fcye olan kullan\u0131c\u0131 ( \u201c\u00dcye\u201d ) aras\u0131nda, \u00dcye&#8217;nin MODAN\u0130SA\u2019n\u0131n sundu\u011fu Hizmetler&#8217;den yararlanmas\u0131na ili\u015fkin ko\u015fullar\u0131n belirlenmesi i\u00e7in akdedilmi\u015ftir.<\/p>\n\n\n\n<p>EISSO AYAKKABI ve \u00dcye i\u015fbu \u00dcyelik S\u00f6zle\u015fmesi&#8217;nde ayr\u0131 ayr\u0131 \u201cTaraf\u201d birlikte \u201cTaraflar\u201d olarak an\u0131lacaklard\u0131r.<\/p>\n\n\n\n<p><strong>2. TANIMLAR<\/strong><\/p>\n\n\n\n<p>Sat\u0131c\u0131: Platform \u00fczerinden elektronik ticarete konu mal veya hizmeti sat\u0131\u015fa sunan ya da satan t\u00fczel ki\u015fiyi ifade eder.<\/p>\n\n\n\n<p>Al\u0131c\u0131: Platform \u00fczerinden elektronik ticarete konu mal veya hizmeti sat\u0131n alan ya da sat\u0131n alma amac\u0131yla hareket eden ger\u00e7ek veya t\u00fczel ki\u015fiyi ifade eder.<\/p>\n\n\n\n<p>Hizmet Sa\u011flay\u0131c\u0131: Elektronik ticaret faaliyetinde bulunan ger\u00e7ek ya da t\u00fczel ki\u015fileri ifade eder.<\/p>\n\n\n\n<p>Arac\u0131 Hizmet Sa\u011flay\u0131c\u0131: Ba\u015fkalar\u0131na ait iktisad\u00ee ve ticari faaliyetlerin yap\u0131lmas\u0131na elektronik ticaret ortam\u0131n\u0131 sa\u011flayan ger\u00e7ek ya da t\u00fczel ki\u015fileri ifade eder.<\/p>\n\n\n\n<p class=\"has-neve-link-color-background-color has-background\">Gizlilik ve Ki\u015fisel Verilerin Korunmas\u0131 Politikas\u0131: \u00dcyeler\u2019in Platform \u00fczerinden ilettikleri ki\u015fisel verilerin, EISSO AYAKKABI taraf\u0131ndan hangi ama\u00e7larla ve ne \u015fekilde kullan\u0131laca\u011f\u0131 gibi konular da dahil olmak \u00fczere EISSO AYAKKABI\u2019n\u0131n ki\u015fisel verilere ve \u00e7erez kullan\u0131m\u0131na ili\u015fkin genel gizlilik politikas\u0131n\u0131 d\u00fczenleyen ve www.modanisa.com platformu \u00fczerinden eri\u015filebilecek olan metni ifade eder.<\/p>\n\n\n\n<p>Hesab\u0131m Sayfas\u0131: \u00dcye\u2019nin Platform\u2019da yer alan \u00e7e\u015fitli uygulamalardan ve Hizmetler\u2019den yararlanabilmesi i\u00e7in gerekli i\u015flemleri ger\u00e7ekle\u015ftirebildi\u011fi, ki\u015fisel verilerini ve uygulama baz\u0131nda kendisinden talep edilen bilgilerini girdi\u011fi, sadece ilgili \u00dcye taraf\u0131ndan belirlenen kullan\u0131c\u0131 ad\u0131 ve \u015fifre ile eri\u015filebilen \u00dcye\u2019ye \u00f6zel sayfay\u0131 ifade eder.<\/p>\n\n\n\n<p>Hizmetler: \u00dcyeler\u2019in i\u015fbu \u00dcyelik S\u00f6zle\u015fmesi i\u00e7erisinde tan\u0131ml\u0131 olan i\u015f ve i\u015flemleri ger\u00e7ekle\u015ftirmelerini sa\u011flamak amac\u0131yla EISSO AYAKKABI taraf\u0131ndan ortaya konulan uygulamalar\u0131 ifade eder.<\/p>\n\n\n\n<p class=\"has-neve-link-color-background-color has-background\">KVKK: 6698 Say\u0131l\u0131 Ki\u015fisel Verilerin Korunmas\u0131 Kanunu\u2019nu ifade eder. \u00dcye: www.modanisa.com sayfas\u0131nda yer alan \u00fcyelik s\u00f6zle\u015fmesi, kullan\u0131m ko\u015fullar\u0131 ve gizlilik bildirimlerini kabul ederek \u201c\u00dcye\u201d s\u0131fat\u0131n\u0131 kazanan ger\u00e7ek ki\u015fileri ifade eder. Kullan\u0131c\u0131\/Ziyaret\u00e7i: www.modanisa.com sayfas\u0131n\u0131, siteye \u00fcye olmaks\u0131z\u0131n ziyaret eden ki\u015fileri ifade eder. Misafir Kullan\u0131c\u0131: www.modanisa.com sayfas\u0131n\u0131 kullanarak, siteye \u00fcye olmadan al\u0131\u015fveri\u015f yapan ki\u015fileri ifade eder.<\/p>\n\n\n\n<p><strong>3. TARAFLARIN HAK VE Y\u00dcK\u00dcML\u00dcL\u00dcKLER\u0130<\/strong><\/p>\n\n\n\n<p>3.1. \u00dcyelik stat\u00fcs\u00fcn\u00fcn kazan\u0131lmas\u0131 i\u00e7in, \u00dcye olmak isteyen kullan\u0131c\u0131n\u0131n, Platform\u2019da bulunan i\u015fbu \u00dcyelik S\u00f6zle\u015fmesi&#8217;ni onaylayarak, burada talep edilen bilgileri do\u011fru ve g\u00fcncel bilgilerle doldurmas\u0131, \u00dcyelik ba\u015fvurusunun EISSO AYAKKABI taraf\u0131ndan de\u011ferlendirilerek onaylanmas\u0131 gerekmektedir. \u00dcye olmak isteyen kullan\u0131c\u0131n\u0131n 18 (on sekiz) ya\u015f\u0131n\u0131 doldurmu\u015f olmas\u0131 gerekmektedir. Onaylanma i\u015fleminin tamamlanmas\u0131 ve \u00dcye&#8217;ye bildirilmesi ile \u00dcyelik stat\u00fcs\u00fc ba\u015flamakta ve b\u00f6ylece \u00dcye i\u015fbu \u00dcyelik S\u00f6zle\u015fmesi\u2019nde ve Platform\u2019un ilgili yerlerinde belirtilen hak ve y\u00fck\u00fcml\u00fcl\u00fcklere kavu\u015fmaktad\u0131r. S\u00f6z konusu \u00dcyelik S\u00f6zle\u015fmesi\u2019ni doldururken do\u011fru ve g\u00fcncel bilgi sa\u011flamayan \u00dcye, bu sebeple do\u011fabilecek t\u00fcm zararlardan bizzat sorumludur. \u00dcye, \u00dcyelik stat\u00fcs\u00fcn\u00fc Hesab\u0131m Sayfas\u0131&#8217;ndan ula\u015fabilece\u011fi &#8220;\u00dcyelik \u0130ptali&#8221; butonuna basarak her zaman sonland\u0131rabilme hakk\u0131na sahiptir. \u00dcyelik iptalinin ger\u00e7ekle\u015ftirilmesi, ticari elektronik ileti g\u00f6nderimi i\u00e7in verilen onay\u0131n da iptali anlam\u0131na gelmemektedir. \u00dcye\u2019nin, ayr\u0131ca ve \u00f6zellikle elektronik ileti g\u00f6nderim onay\u0131n\u0131 da geri almas\u0131 gerekmektedir.<\/p>\n\n\n\n<p>3.2. \u00dcyelik hak ve y\u00fck\u00fcml\u00fcl\u00fcklerinin kime ait oldu\u011fu konusunda ihtilaf bulunmas\u0131 ve bu hususta s\u00f6z konusu ki\u015filerin EISSO AYAKKABI\u2019dan talepte bulunmas\u0131 halinde, ilgili \u00dcyelik hesab\u0131 kullan\u0131larak herhangi bir Hizmet i\u00e7in EISSO AYAKKABI\u2019ya \u00f6deme yapan en son ki\u015finin \u00dcyelik hesab\u0131n\u0131n sahibi oldu\u011fu kabul edilerek, bu do\u011frultuda i\u015flem yap\u0131lacakt\u0131r.<\/p>\n\n\n\n<p>3.3. \u00dcye, Platform \u00fczerinden g\u00f6r\u00fcnt\u00fcledi\u011fi kampanya ve\/veya reklamlarla ilgili herhangi bir hukuki i\u015flem veya sat\u0131n alma s\u00fcreci ba\u015flatmak istemesi halinde, Platform\u2019da yer alanlar da dahil olmak \u00fczere gerekli t\u00fcm yasal y\u00fck\u00fcml\u00fcl\u00fckleri ve yasal prosed\u00fcrleri yerine getirmek zorunda oldu\u011funu, s\u00f6z konusu y\u00fck\u00fcml\u00fcl\u00fckler ve prosed\u00fcrlerle ilgili olarak EISSO AYAKKABI\u2019n\u0131n herhangi bir bilgi ve sorumlulu\u011funun bulunmad\u0131\u011f\u0131n\u0131 kabul ve beyan eder.<\/p>\n\n\n\n<p>3.4. \u00dcye, Platform \u00fczerinden EISSO AYAKKABI\u2019dan yapaca\u011f\u0131 al\u0131mlarda akdedilecek mesafeli sat\u0131\u015f s\u00f6zle\u015fmelerinde EISSO AYAKKABI\u2019n\u0131n Sat\u0131c\u0131 taraf, kendisinin ise Al\u0131c\u0131 taraf oldu\u011funu; EISSO AYAKKABI\u2019n\u0131n bahsi ge\u00e7en mesafeli sat\u0131\u015f s\u00f6zle\u015fmesi ili\u015fkisinde kendisine kar\u015f\u0131 sadece Sat\u0131c\u0131&#8217;n\u0131n y\u00fcr\u00fcrl\u00fckteki t\u00fcketici hukuku mevzuat\u0131 ve sair mevzuat kapsam\u0131nda her anlamda bizzat sorumlu oldu\u011funu kabul ve beyan eder.<\/p>\n\n\n\n<p>3.5. EISSO AYAKKABI; \u00dcye\u2019nin sat\u0131c\u0131dan sat\u0131n alaca\u011f\u0131 \u00fcr\u00fcnlere dair tahsilat yetkisine sahip olacak ve Al\u0131c\u0131 EISSO AYAKKABI\u2019ya yapaca\u011f\u0131 s\u00f6z konusu bu \u00f6demeyle, Sat\u0131c\u0131ya kar\u015f\u0131 \u00f6deme y\u00fck\u00fcml\u00fcl\u00fc\u011f\u00fcnden kurtulacakt\u0131r.<\/p>\n\n\n\n<p>3.6. \u00dcye, Platform \u00fczerinde ger\u00e7ekle\u015ftirdi\u011fi i\u015flemlerde ve yaz\u0131\u015fmalarda, i\u015fbu \u00dcyelik S\u00f6zle\u015fmesi&#8217;nin h\u00fck\u00fcmlerine, Platform\u2019da belirtilen t\u00fcm ko\u015fullara, y\u00fcr\u00fcrl\u00fckteki mevzuata ve ahlak kurallar\u0131na uygun olarak hareket edece\u011fini kabul etti\u011fini beyan eder. \u00dcye&#8217;nin Platform d\u00e2hilinde yapt\u0131\u011f\u0131 i\u015flem ve eylemlere ili\u015fkin hukuki ve cezai sorumluluk kendisine aittir.<\/p>\n\n\n\n<p>3.7. EISSO AYAKKABI, y\u00fcr\u00fcrl\u00fckteki mevzuat uyar\u0131nca yetkili makamlar\u0131n talebi halinde, \u00dcye&#8217;nin kendisinde bulunan bilgilerini s\u00f6z konusu makamlarla payla\u015fabilecektir.<\/p>\n\n\n\n<p>3.8. Platform\u2019a \u00fcyelik s\u0131ras\u0131nda ve\/veya al\u0131\u015fveri\u015f s\u0131ras\u0131nda \u00dcye\u2019lerden al\u0131nan ki\u015fisel veriler, \u00dcyeler aras\u0131nda sahtecilik, doland\u0131r\u0131c\u0131l\u0131k, Platform\u2019un k\u00f6t\u00fcye kullan\u0131m\u0131, T\u00fcrk Ceza Kanunu anlam\u0131nda su\u00e7 olu\u015fturabilecek konularda \u00e7\u0131kan uyu\u015fmazl\u0131klarda, yaln\u0131zca talep edilen konu ile s\u0131n\u0131rl\u0131 olmak \u00fczere taraflar\u0131n yasal haklar\u0131n\u0131 kullanabilmeleri amac\u0131yla ve sadece bu kapsam ile s\u0131n\u0131rl\u0131 olmak \u00fczere uyu\u015fmazl\u0131\u011fa taraf olabilecek di\u011fer \u00dcyelere iletebilecektir.<\/p>\n\n\n\n<p>3.9. \u00dcye&#8217;nin Hesab\u0131m Sayfas\u0131&#8217;na eri\u015fmek ve Platform \u00fczerinden i\u015flem ger\u00e7ekle\u015ftirebilmek i\u00e7in ihtiya\u00e7 duydu\u011fu kullan\u0131c\u0131 ad\u0131 ve \u015fifre bilgisi, \u00dcye taraf\u0131ndan olu\u015fturulmakta olup, s\u00f6z konusu bilgilerin g\u00fcvenli\u011fi ve gizlili\u011fi tamamen \u00dcye&#8217;nin sorumlulu\u011fundad\u0131r. \u00dcye, kendisine ait kullan\u0131c\u0131 ad\u0131 ve \u015fifre ile ger\u00e7ekle\u015ftirilen i\u015flemlerin kendisi taraf\u0131ndan ger\u00e7ekle\u015ftirilmi\u015f oldu\u011funu, bu i\u015flemlerden kaynaklanan sorumlulu\u011fun pe\u015finen kendisine ait oldu\u011funu, bu \u015fekilde ger\u00e7ekle\u015ftirilen i\u015f ve i\u015flemleri kendisinin ger\u00e7ekle\u015ftirmedi\u011fi yolunda herhangi bir def&#8217;i ve\/veya itiraz ileri s\u00fcremeyece\u011fini ve\/veya bu def&#8217;i veya itiraza dayanarak y\u00fck\u00fcml\u00fcl\u00fcklerini yerine getirmekten ka\u00e7\u0131namayaca\u011f\u0131n\u0131 kabul, beyan ve taahh\u00fct eder.<\/p>\n\n\n\n<p>3.10. \u00dcye, Platform\u2019u a\u015fa\u011f\u0131da say\u0131lan haller ba\u015fta olmak \u00fczere hukuka ve ahlaka ayk\u0131r\u0131 bir \u015fekilde kullanmayacakt\u0131r.<\/p>\n\n\n\n<p>3.10.1Platform\u2019un herhangi bir ki\u015fi ad\u0131na veri taban\u0131, kay\u0131t veya rehber yaratmak, kontrol etmek, g\u00fcncellemek veya de\u011fi\u015ftirmek amac\u0131yla kullan\u0131lmas\u0131;<\/p>\n\n\n\n<p>3.10.2 Platform\u2019un b\u00fct\u00fcn\u00fcn\u00fcn veya bir b\u00f6l\u00fcm\u00fcn\u00fcn bozma, de\u011fi\u015ftirme veya tersine m\u00fchendislik yapma amac\u0131yla kullan\u0131lmas\u0131;<\/p>\n\n\n\n<p>3.10.3 Yanl\u0131\u015f bilgiler veya ba\u015fka bir ki\u015finin bilgileri kullan\u0131larak i\u015flem yap\u0131lmas\u0131, yanl\u0131\u015f veya yan\u0131lt\u0131c\u0131 ikametg\u00e2h adresi, elektronik posta adresi, ileti\u015fim, \u00f6deme veya hesap bilgileri de dahil yanl\u0131\u015f veya yan\u0131lt\u0131c\u0131 ki\u015fisel veriler kullan\u0131lmak suretiyle sahte \u00dcyelik hesaplar\u0131 olu\u015fturulmas\u0131 ve bu hesaplar\u0131n \u00dcyelik S\u00f6zle\u015fmesi&#8217;ne veya y\u00fcr\u00fcrl\u00fckteki mevzuata ayk\u0131r\u0131 \u015fekilde kullan\u0131lmas\u0131, ba\u015fka bir \u00dcye&#8217;nin hesab\u0131n\u0131n izinsiz kullan\u0131lmas\u0131, ba\u015fka birinin yerine ge\u00e7ilerek ya da yanl\u0131\u015f bir isimle i\u015flemlere taraf ya da kat\u0131l\u0131mc\u0131 olunmas\u0131;<\/p>\n\n\n\n<p>3.10.4 Yorum ve puanlama sistemlerinin; Platform\u2019daki yorumlar\u0131 Platform d\u0131\u015f\u0131nda yay\u0131nlamak gibi Platform d\u0131\u015f\u0131 ama\u00e7lar i\u00e7in kullan\u0131lmas\u0131 veya sistemleri manip\u00fcle edecek \u015fekilde kullan\u0131lma ama\u00e7lar\u0131 d\u0131\u015f\u0131nda kullan\u0131lmas\u0131;<\/p>\n\n\n\n<p>3.10.5 Vir\u00fcs veya Platform\u2019a, Platform\u2019un veri taban\u0131na, Platform \u00fczerinde yer alan herhangi bir i\u00e7eri\u011fe zarar verici herhangi ba\u015fka bir zararl\u0131 yaz\u0131l\u0131m yay\u0131lmas\u0131;<\/p>\n\n\n\n<p>3.10.6 Platform taraf\u0131ndan belirlenmi\u015f olan ileti\u015fimler ve teknik sistemler \u00fczerinde makul olmayan veya orant\u0131s\u0131z derecede b\u00fcy\u00fck y\u00fcklemeler yaratacak ya da teknik i\u015fleyi\u015fe zarar<\/p>\n\n\n\n<p>verecek faaliyetlerde bulunulmas\u0131, EISSO AYAKKABI\u2019n\u0131n \u00f6nceden yaz\u0131l\u0131 iznini al\u0131nmaks\u0131z\u0131n Platform \u00fczerinde otomatik program, robot, web crawler, \u00f6r\u00fcmcek, veri madencili\u011fi (data mining) ve veri taramas\u0131 (data crawling) gibi &#8220;screen scraping&#8221; yaz\u0131l\u0131mlar\u0131 veya sistemlerin kullan\u0131lmas\u0131 ve bu \u015fekilde Platform\u2019da yer alan herhangi bir i\u00e7eri\u011fin tamam\u0131n\u0131n veya bir k\u0131sm\u0131n\u0131n izinsiz kopyalanarak, yay\u0131nlanmas\u0131 veya kullan\u0131lmas\u0131.<\/p>\n\n\n\n<p>3.11. \u00dcye, Platform\u2019da yapt\u0131\u011f\u0131 i\u015flemleri EISSO AYAKKABI\u2019ya maddi ve Platform\u2019a teknik olarak hi\u00e7bir surette zarar vermeyecek \u015fekilde y\u00fcr\u00fctmekle y\u00fck\u00fcml\u00fcd\u00fcr. \u00dcye, Platform kullan\u0131m\u0131n\u0131n Platform\u2019a zarar verecek her t\u00fcrl\u00fc program, vir\u00fcs, yaz\u0131l\u0131m, lisanss\u0131z \u00fcr\u00fcn, truva at\u0131 vb. i\u00e7ermemesi i\u00e7in gerekli koruyucu yaz\u0131l\u0131mlar\u0131 ve lisansl\u0131 \u00fcr\u00fcnleri kullanmak da d\u00e2hil olmak \u00fczere gerekli her t\u00fcrl\u00fc tedbiri ald\u0131\u011f\u0131n\u0131 kabul ve taahh\u00fct eder. \u00dcye ayr\u0131ca Hesab\u0131m Sayfas\u0131&#8217;na robot veya otomatik giri\u015f y\u00f6ntemleriyle girmeyece\u011fini kabul eder.<\/p>\n\n\n\n<p>3.12. Platform\u2019un veya \u00fczerindeki i\u00e7eri\u011fin i\u015fbu \u00dcyelik S\u00f6zle\u015fmesi ile belirlenen kullan\u0131m \u015fartlar\u0131na veya y\u00fcr\u00fcrl\u00fckteki mevzuat h\u00fck\u00fcmlerine ayk\u0131r\u0131 olarak kullan\u0131lmas\u0131 hukuka ayk\u0131r\u0131 olup; EISSO AYAKKABI\u2019n\u0131n ilgili talep, dava ve takip haklar\u0131 sakl\u0131d\u0131r.<\/p>\n\n\n\n<p><strong>4. G\u0130ZL\u0130L\u0130K VE K\u0130\u015e\u0130SEL VER\u0130LER\u0130N KORUNMASI<\/strong><\/p>\n\n\n\n<p><strong>4.1. Ki\u015fisel Verilerin \u0130\u015flenmesi:<\/strong><\/p>\n\n\n\n<p class=\"has-neve-link-color-background-color has-background\">EISSO AYAKKABI, \u00dcyelerinden elde edilen ki\u015fisel verilerin i\u015flenmesiyle ilgili olarak hem KVKK&#8217;ye (6698 Say\u0131l\u0131 Ki\u015fisel Verilerin Korunmas\u0131 Kanunu) hem de 2016\/679 Say\u0131l\u0131 AB Genel Veri Koruma T\u00fcz\u00fc\u011f\u00fc&#8217;ne (&#8220;GVKT&#8221;) tabidir. EISSO AYAKKABI, T\u00fcrkiye Ki\u015fisel Verilerin Gizlili\u011fi ve Korunmas\u0131 Politikas\u0131 ve GVKT Gizlilik Politikas\u0131 ve www.modanisa.com platformundan eri\u015filebilecek i\u015fbu Anla\u015fma uyar\u0131nca Kullan\u0131c\u0131lar\u0131ndan ki\u015fisel verileri toplar, kullan\u0131r, iletir ve i\u015fler. T\u00fcrkiye Ki\u015fisel Verilerin Gizlili\u011fi ve Korunmas\u0131 Politikas\u0131 ve GVKT Gizlilik Politikas\u0131 i\u015fbu \u00dcyelik Anla\u015fmas\u0131n\u0131n bir par\u00e7as\u0131d\u0131r.<br><br>T\u00fcrkiye\u2019de yerle\u015fik olmad\u0131\u011f\u0131n\u0131z ve \u00f6demenizi&nbsp;Discover, Carte Bancaire, JCB, Maestro, Union Pay, Sofortuberweisung, QIWI, Bancontact, Diners, Hipercard, Sepa Direct Debit and IDEAL kart arac\u0131l\u0131\u011f\u0131yla veya ABD\u2019de AMEX kart arac\u0131l\u0131\u011f\u0131yla yapt\u0131\u011f\u0131n\u0131z durumlarda \u00f6demeleriniz Modanisa London Limited \u015firketi arac\u0131l\u0131\u011f\u0131yla ki\u015fisel verilerinize ula\u015f\u0131m olmaks\u0131z\u0131n yaln\u0131zca sipari\u015f numaran\u0131z kullan\u0131larak i\u015flenir.<\/p>\n\n\n\n<p>Ki\u015fisel verileri kullan\u0131m\u0131m\u0131zla ve bu konularda sahip oldu\u011funuz haklarla ilgili daha fazla bilgi i\u00e7in ve<\/p>\n\n\n\n<p>KVKK kapsam\u0131nda ki\u015fisel verilerinizi koruma ve i\u015flememizle ilgili bilgi edinmek i\u00e7in,<\/p>\n\n\n\n<p class=\"has-neve-link-color-background-color has-background\">[T\u00fcrkiye Ki\u015fisel Verilerin Gizlili\u011fi ve Korunmas\u0131 Politikas\u0131] ba\u011flant\u0131s\u0131ndan T\u00fcrkiye Ki\u015fisel Verilerin Gizlili\u011fi ve Korunmas\u0131 Politikas\u0131na eri\u015febilir ve kisiselverilerim@modanisa.com adresine e-posta g\u00f6ndererek s\u00f6z konusu haklar\u0131n\u0131z\u0131 icra edebilirsiniz.<\/p>\n\n\n\n<p>Ayr\u0131ca,<\/p>\n\n\n\n<p class=\"has-neve-link-color-background-color has-background\">Bir Avrupa Birli\u011fi \u00fcye \u00fclkesinde ikamet ediyorsan\u0131z, GVKT kapsam\u0131nda ki\u015fisel verilerinizi koruma ve i\u015flememizle ilgili bilgi edinmek i\u00e7in, [GVKT Gizlilik Politikas\u0131] ba\u011flant\u0131s\u0131ndan GVKT Gizlilik Politikas\u0131na eri\u015febilir ve dpo@modanisa.com adresinden Veri Koruma Sorumlumuza e-posta g\u00f6ndererek s\u00f6z konusu haklar\u0131n\u0131z\u0131 icra edebilirsiniz.<\/p>\n\n\n\n<p>Bizimle ileti\u015fime ge\u00e7ti\u011finiz e-posta adresi, EISSO AYAKKABI \u00fcyelik s\u00fcreciniz s\u0131ras\u0131nda ibraz etti\u011finiz e-posta adresi olmal\u0131d\u0131r. Bir \u00dcye oldu\u011funuzla ilgili makul \u00e7er\u00e7evede bir ispat sa\u011flanmad\u0131k\u00e7a, di\u011fer e-posta adreslerinden al\u0131nan taleplere cevap verilmeyecektir.<\/p>\n\n\n\n<p><strong>5. F\u0130KR\u0130 M\u00dcLK\u0130YET HAKLARI<\/strong><\/p>\n\n\n\n<p>\u201cEISSO AYAKKABI\u201d markas\u0131 ve logosu, \u201cEISSO AYAKKABI\u201d mobil uygulamas\u0131n\u0131n ve Platform\u2019un tasar\u0131m\u0131, yaz\u0131l\u0131m\u0131, alan ad\u0131 ve bunlara ili\u015fkin olarak EISSO AYAKKABI taraf\u0131ndan olu\u015fturulan her t\u00fcrl\u00fc marka, tasar\u0131m, logo, ticari takdim \u015fekli, slogan ve di\u011fer t\u00fcm i\u00e7eri\u011fin her t\u00fcrl\u00fc fikri m\u00fclkiyet hakk\u0131 kendi m\u00fclkiyetindedir. \u00dcye, EISSO AYAKKABI\u2019n\u0131n veya ba\u011fl\u0131 \u015firketlerinin m\u00fclkiyetine tabi fikri m\u00fclkiyet haklar\u0131n\u0131 yaz\u0131l\u0131 izni olmaks\u0131z\u0131n kullanamaz, payla\u015famaz, da\u011f\u0131tamaz, sergileyemez, \u00e7o\u011faltamaz ve bunlardan t\u00fcremi\u015f \u00e7al\u0131\u015fmalar yapamaz. \u00dcye, mobil uygulamas\u0131n\u0131n veya Platform\u2019un b\u00fct\u00fcn\u00fc ya da bir k\u0131sm\u0131n\u0131 ba\u015fka bir ortamda EISSO AYAKKABI\u2019n\u0131n yaz\u0131l\u0131 izni olmaks\u0131z\u0131n kullanamaz. \u00dcye&#8217;nin, \u00fc\u00e7\u00fcnc\u00fc ki\u015filerin veya EISSO AYAKKABI\u2019n\u0131n fikri m\u00fclkiyet haklar\u0131n\u0131 ihlal edecek \u015fekilde davranmas\u0131 halinde, \u00dcye, EISSO AYAKKABI\u2019n\u0131n ve\/veya s\u00f6z konusu \u00fc\u00e7\u00fcnc\u00fc ki\u015finin t\u00fcm do\u011frudan ve dolayl\u0131 zararlar\u0131 ile masraflar\u0131n\u0131 tazmin etmekle y\u00fck\u00fcml\u00fcd\u00fcr.<\/p>\n\n\n\n<p><strong>6. S\u00d6ZLE\u015eME DE\u011e\u0130\u015e\u0130KL\u0130KLER\u0130<\/strong><\/p>\n\n\n\n<p>EISSO AYAKKABI,i\u015fbu \u00dcyelik S\u00f6zle\u015fmesi&#8217;ni ve Platform\u2019da yer alan Gizlilik ve Ki\u015fisel Verilerin Korunmas\u0131 Politikas\u0131 da dahil her t\u00fcrl\u00fc politikay\u0131, h\u00fck\u00fcm ve \u015fart\u0131 uygun g\u00f6rece\u011fi herhangi bir zamanda, y\u00fcr\u00fcrl\u00fckteki mevzuat h\u00fck\u00fcmlerine ayk\u0131r\u0131 olmamak kayd\u0131yla Platform\u2019da ilan ederek tek tarafl\u0131 olarak de\u011fi\u015ftirebilir. \u0130\u015fbu \u00dcyelik S\u00f6zle\u015fmesi&#8217;nin de\u011fi\u015fen h\u00fck\u00fcmleri, Platform\u2019da ilan edildikleri tarihte ge\u00e7erlilik kazanacak, geri kalan h\u00fck\u00fcmler aynen y\u00fcr\u00fcrl\u00fckte kalarak h\u00fck\u00fcm ve sonu\u00e7lar\u0131n\u0131 do\u011furmaya devam edecektir.<\/p>\n\n\n\n<p><strong>7. M\u00dcCB\u0130R SEBER<\/strong><\/p>\n\n\n\n<p>Ayaklanma, ambargo, devlet m\u00fcdahalesi, isyan, i\u015fgal, sava\u015f, seferberlik, grev, lokavt, i\u015f eylemleri veya boykotlar dahil olmak \u00fczere siber sald\u0131r\u0131, ileti\u015fim sorunlar\u0131, altyap\u0131 ve internet ar\u0131zalar\u0131, sisteme ili\u015fkin iyile\u015ftirme veya yenile\u015ftirme \u00e7al\u0131\u015fmalar\u0131 ve bu sebeple meydana gelebilecek ar\u0131zalar, elektrik kesintisi, yang\u0131n, patlama, f\u0131rt\u0131na, sel, deprem, g\u00f6\u00e7, salg\u0131n veya di\u011fer bir do\u011fal felaket veya EISSO AYAKKABI\u2019n\u0131n kontrol\u00fc d\u0131\u015f\u0131nda ger\u00e7ekle\u015fen, kusurundan kaynaklanmayan ve makul olarak \u00f6ng\u00f6r\u00fclemeyecek di\u011fer olaylar (&#8220;M\u00fccbir Sebep&#8221;) EISSO AYAKKABI\u2019n\u0131n i\u015fbu \u00dcyelik S\u00f6zle\u015fmesi&#8217;nden do\u011fan y\u00fck\u00fcml\u00fcl\u00fcklerini ifa etmesini engeller veya geciktirirse, EISSO AYAKKABI ifas\u0131 M\u00fccbir Sebep sonucunda engellenen veya geciken y\u00fck\u00fcml\u00fcl\u00fcklerinden dolay\u0131 sorumlu tutulamaz ve bu durum i\u015fbu \u00dcyelik S\u00f6zle\u015fmesi\u2019nin bir ihlali olarak kabul edilemez.<\/p>\n\n\n\n<p><strong>8. GENEL H\u00dcK\u00dcMLER<\/strong><\/p>\n\n\n\n<p>8.1. \u00dcye, i\u015fbu \u00dcyelik S\u00f6zle\u015fmesi\u2019nden do\u011fabilecek ihtilaflarda EISSO AYAKKABI\u2019n\u0131n resmi defter ve ticari kay\u0131tlar\u0131 ile EISSO AYAKKABI\u2019n\u0131n veri taban\u0131nda, sunucular\u0131nda tutulan e-ar\u015fiv kay\u0131tlar\u0131n\u0131n,<\/p>\n\n\n\n<p>elektronik bilgilerin ve bilgisayar kay\u0131tlar\u0131n\u0131n, ba\u011flay\u0131c\u0131, kesin ve m\u00fcnhas\u0131r delil te\u015fkil edece\u011fini ve bu maddenin 6100 say\u0131l\u0131 Hukuk Muhakemeleri Kanunu\u2019nun 193. maddesi anlam\u0131nda delil s\u00f6zle\u015fmesi niteli\u011finde oldu\u011funu kabul eder.<\/p>\n\n\n\n<p>8.2. \u0130\u015fbu \u00dcyelik S\u00f6zle\u015fmesi m\u00fcnhas\u0131ran T\u00fcrkiye Cumhuriyeti kanunlar\u0131na tabi olacakt\u0131r. \u0130\u015fbu \u00dcyelik S\u00f6zle\u015fmesi\u2019nden kaynaklanan veya i\u015fbu \u00dcyelik S\u00f6zle\u015fmesi ile ba\u011flant\u0131l\u0131 olan her t\u00fcrl\u00fc ihtilaf, \u0130stanbul T\u00fcketici Hakem Heyetleri ve \u0130stanbul (\u00c7a\u011flayan) Mahkemeleri ve \u0130cra M\u00fcd\u00fcrl\u00fckleri&#8217;nin m\u00fcnhas\u0131r yarg\u0131 yetkisinde olacakt\u0131r.<\/p>\n\n\n\n<p>8.3. EISSO AYAKKABI, \u00dcye ile \u00dcye&#8217;nin kay\u0131t olurken bildirmi\u015f oldu\u011fu elektronik posta adresi vas\u0131tas\u0131yla veya telefon numaras\u0131na arama yapmak ve SMS g\u00f6ndermek suretiyle ileti\u015fim kuracakt\u0131r. \u00dcye, elektronik posta adresini ve telefon numaras\u0131n\u0131 g\u00fcncel tutmakla y\u00fck\u00fcml\u00fcd\u00fcr.<\/p>\n\n\n\n<p>8.4. \u0130\u015fbu \u00dcyelik S\u00f6zle\u015fmesi, konuya ili\u015fkin olarak Taraflar aras\u0131ndaki anla\u015fman\u0131n tamam\u0131n\u0131 olu\u015fturmaktad\u0131r. \u0130\u015fbu \u00dcyelik S\u00f6zle\u015fmesi\u2019nin herhangi bir h\u00fckm\u00fcn\u00fcn yetkili herhangi bir mahkeme, tahkim heyeti veya idari makam taraf\u0131ndan t\u00fcm\u00fcyle veya k\u0131smen ge\u00e7ersiz veya uygulanamaz oldu\u011fu veya makul olmad\u0131\u011f\u0131na karar verilmesi halinde, s\u00f6z konusu ge\u00e7ersizlik, uygulanamazl\u0131k veya makul olmama \u00f6l\u00e7\u00fcs\u00fcnde i\u015fbu \u00dcyelik S\u00f6zle\u015fmesi b\u00f6l\u00fcnebilir olarak kabul edilecek ve di\u011fer h\u00fck\u00fcmler t\u00fcm\u00fcyle y\u00fcr\u00fcrl\u00fckte kalmaya devam edecektir.<\/p>\n\n\n\n<p>8.5. \u00dcye, EISSO AYAKKABI\u2019n\u0131n \u00f6nceden yaz\u0131l\u0131 onay\u0131n\u0131 almaks\u0131z\u0131n i\u015fbu \u00dcyelik S\u00f6zle\u015fmesi\u2019ndeki haklar\u0131n\u0131 veya y\u00fck\u00fcml\u00fcl\u00fcklerini t\u00fcm\u00fcyle veya k\u0131smen temlik edemeyecektir.<\/p>\n\n\n\n<p>8.6. Taraflar&#8217;dan birinin \u00dcyelik S\u00f6zle\u015fmesi&#8217;nde kendisine verilen herhangi bir hakk\u0131 kullanmamas\u0131 ya da icra etmemesi, s\u00f6z konusu haktan feragat etti\u011fi anlam\u0131na gelmeyecek veya s\u00f6z konusu hakk\u0131n daha sonra kullan\u0131lmas\u0131n\u0131 ya da icra edilmesini engellemeyecektir.<\/p>\n\n\n\n<p>8 (sekiz) maddeden ibaret i\u015fbu \u00dcyelik S\u00f6zle\u015fmesi, \u00dcye taraf\u0131ndan her bir h\u00fckm\u00fc okunarak ve b\u00fct\u00fcn\u00fcyle anla\u015f\u0131larak elektronik ortamda onaylanmak suretiyle, onayland\u0131\u011f\u0131 an itibar\u0131yla y\u00fcr\u00fcrl\u00fc\u011fe girmi\u015ftir<\/p>\n","protected":false},"excerpt":{"rendered":"<p>1. TARAFLAR \u0130\u015fbu \u00dcyelik S\u00f6zle\u015fmesi (&#8220;S\u00f6zle\u015fme&#8221;); www.modanisa.com ve mobil cihaz uygulamalar\u0131n\u0131n sahibi olan ve Altunizade Mahallesi Ku\u015fbak\u0131\u015f\u0131 Cad. No:27\/1 \u00dcsk\u00fcdar\/\u0130stanbul adresinde bulunan MODAN\u0130SA ELEKTRON\u0130K MA\u011eAZACILIK VE T\u0130C. A.\u015e. ( \u201cEISSO [&hellip;]<\/p>\n","protected":false},"author":1,"featured_media":0,"parent":0,"menu_order":0,"comment_status":"closed","ping_status":"closed","template":"","meta":{"_themeisle_gutenberg_block_has_review":false,"footnotes":""},"class_list":["post-48","page","type-page","status-publish","hentry"],"jetpack_sharing_enabled":true,"_links":{"self":[{"href":"https:\/\/eisso-shoes.com\/tr\/wp-json\/wp\/v2\/pages\/48","targetHints":{"allow":["GET"]}}],"collection":[{"href":"https:\/\/eisso-shoes.com\/tr\/wp-json\/wp\/v2\/pages"}],"about":[{"href":"https:\/\/eisso-shoes.com\/tr\/wp-json\/wp\/v2\/types\/page"}],"author":[{"embeddable":true,"href":"https:\/\/eisso-shoes.com\/tr\/wp-json\/wp\/v2\/users\/1"}],"replies":[{"embeddable":true,"href":"https:\/\/eisso-shoes.com\/tr\/wp-json\/wp\/v2\/comments?post=48"}],"version-history":[{"count":3,"href":"https:\/\/eisso-shoes.com\/tr\/wp-json\/wp\/v2\/pages\/48\/revisions"}],"predecessor-version":[{"id":206,"href":"https:\/\/eisso-shoes.com\/tr\/wp-json\/wp\/v2\/pages\/48\/revisions\/206"}],"wp:attachment":[{"href":"https:\/\/eisso-shoes.com\/tr\/wp-json\/wp\/v2\/media?parent=48"}],"curies":[{"name":"wp","href":"https:\/\/api.w.org\/{rel}","templated":true}]}}